{"id":119,"date":"2025-12-09T00:00:46","date_gmt":"2025-12-09T00:00:46","guid":{"rendered":"https:\/\/paodaterrabakery.com\/?page_id=119"},"modified":"2025-12-09T00:00:46","modified_gmt":"2025-12-09T00:00:46","slug":"quem-somos","status":"publish","type":"page","link":"https:\/\/paodaterrabakery.com\/index.php\/quem-somos\/","title":{"rendered":"Quem Somos"},"content":{"rendered":"\n<p>No <strong>P\u00e3o da Terra<\/strong>, acreditamos que o sabor tem mem\u00f3ria. Por isso, todos os dias, trabalhamos para que cada cliente encontre aqui um peda\u00e7o de Portugal \u2014 o cheiro do p\u00e3o quente, o sabor aut\u00eantico da pastelaria tradicional e a sensa\u00e7\u00e3o familiar de entrar numa padaria portuguesa.<\/p>\n\n\n\n<figure class=\"wp-block-gallery has-nested-images columns-default is-cropped wp-block-gallery-1 is-layout-flex wp-block-gallery-is-layout-flex\">\n<figure class=\"wp-block-image size-large\"><img loading=\"lazy\" decoding=\"async\" width=\"960\" height=\"838\" data-id=\"120\" src=\"https:\/\/paodaterrabakery.com\/wp-content\/uploads\/2025\/12\/49707200_2125026407518480_229112663878139904_n.jpg\" alt=\"\" class=\"wp-image-120\" srcset=\"https:\/\/paodaterrabakery.com\/wp-content\/uploads\/2025\/12\/49707200_2125026407518480_229112663878139904_n.jpg 960w, https:\/\/paodaterrabakery.com\/wp-content\/uploads\/2025\/12\/49707200_2125026407518480_229112663878139904_n-300x262.jpg 300w, https:\/\/paodaterrabakery.com\/wp-content\/uploads\/2025\/12\/49707200_2125026407518480_229112663878139904_n-768x670.jpg 768w, https:\/\/paodaterrabakery.com\/wp-content\/uploads\/2025\/12\/49707200_2125026407518480_229112663878139904_n-600x524.jpg 600w\" sizes=\"auto, (max-width: 960px) 100vw, 960px\" \/><\/figure>\n\n\n\n<figure class=\"wp-block-image size-large\"><img loading=\"lazy\" decoding=\"async\" width=\"960\" height=\"720\" data-id=\"125\" src=\"https:\/\/paodaterrabakery.com\/wp-content\/uploads\/2025\/12\/50330766_2125026460851808_319555702945218560_n-1.jpg\" alt=\"\" class=\"wp-image-125\" srcset=\"https:\/\/paodaterrabakery.com\/wp-content\/uploads\/2025\/12\/50330766_2125026460851808_319555702945218560_n-1.jpg 960w, https:\/\/paodaterrabakery.com\/wp-content\/uploads\/2025\/12\/50330766_2125026460851808_319555702945218560_n-1-300x225.jpg 300w, https:\/\/paodaterrabakery.com\/wp-content\/uploads\/2025\/12\/50330766_2125026460851808_319555702945218560_n-1-768x576.jpg 768w, https:\/\/paodaterrabakery.com\/wp-content\/uploads\/2025\/12\/50330766_2125026460851808_319555702945218560_n-1-600x450.jpg 600w\" sizes=\"auto, (max-width: 960px) 100vw, 960px\" \/><\/figure>\n\n\n\n<figure class=\"wp-block-image size-large\"><img loading=\"lazy\" decoding=\"async\" width=\"960\" height=\"818\" data-id=\"124\" src=\"https:\/\/paodaterrabakery.com\/wp-content\/uploads\/2025\/12\/49826063_2125026524185135_2499635455482396672_n.jpg\" alt=\"\" class=\"wp-image-124\" srcset=\"https:\/\/paodaterrabakery.com\/wp-content\/uploads\/2025\/12\/49826063_2125026524185135_2499635455482396672_n.jpg 960w, https:\/\/paodaterrabakery.com\/wp-content\/uploads\/2025\/12\/49826063_2125026524185135_2499635455482396672_n-300x256.jpg 300w, https:\/\/paodaterrabakery.com\/wp-content\/uploads\/2025\/12\/49826063_2125026524185135_2499635455482396672_n-768x654.jpg 768w, https:\/\/paodaterrabakery.com\/wp-content\/uploads\/2025\/12\/49826063_2125026524185135_2499635455482396672_n-600x511.jpg 600w\" sizes=\"auto, (max-width: 960px) 100vw, 960px\" \/><\/figure>\n\n\n\n<figure class=\"wp-block-image size-large\"><img loading=\"lazy\" decoding=\"async\" width=\"1024\" height=\"427\" data-id=\"123\" src=\"https:\/\/paodaterrabakery.com\/wp-content\/uploads\/2025\/12\/49815350_2125026540851800_6066214360080973824_n-1024x427.jpg\" alt=\"\" class=\"wp-image-123\" srcset=\"https:\/\/paodaterrabakery.com\/wp-content\/uploads\/2025\/12\/49815350_2125026540851800_6066214360080973824_n-1024x427.jpg 1024w, https:\/\/paodaterrabakery.com\/wp-content\/uploads\/2025\/12\/49815350_2125026540851800_6066214360080973824_n-300x125.jpg 300w, https:\/\/paodaterrabakery.com\/wp-content\/uploads\/2025\/12\/49815350_2125026540851800_6066214360080973824_n-768x320.jpg 768w, https:\/\/paodaterrabakery.com\/wp-content\/uploads\/2025\/12\/49815350_2125026540851800_6066214360080973824_n-600x250.jpg 600w, https:\/\/paodaterrabakery.com\/wp-content\/uploads\/2025\/12\/49815350_2125026540851800_6066214360080973824_n.jpg 1534w\" sizes=\"auto, (max-width: 1024px) 100vw, 1024px\" \/><\/figure>\n\n\n\n<figure class=\"wp-block-image size-large\"><img loading=\"lazy\" decoding=\"async\" width=\"720\" height=\"960\" data-id=\"121\" src=\"https:\/\/paodaterrabakery.com\/wp-content\/uploads\/2025\/12\/49686329_2125026597518461_3509730769008328704_n.jpg\" alt=\"\" class=\"wp-image-121\" srcset=\"https:\/\/paodaterrabakery.com\/wp-content\/uploads\/2025\/12\/49686329_2125026597518461_3509730769008328704_n.jpg 720w, https:\/\/paodaterrabakery.com\/wp-content\/uploads\/2025\/12\/49686329_2125026597518461_3509730769008328704_n-225x300.jpg 225w, https:\/\/paodaterrabakery.com\/wp-content\/uploads\/2025\/12\/49686329_2125026597518461_3509730769008328704_n-600x800.jpg 600w\" sizes=\"auto, (max-width: 720px) 100vw, 720px\" \/><\/figure>\n\n\n\n<figure class=\"wp-block-image size-large\"><img loading=\"lazy\" decoding=\"async\" width=\"960\" height=\"720\" data-id=\"122\" src=\"https:\/\/paodaterrabakery.com\/wp-content\/uploads\/2025\/12\/49304784_2125026610851793_5744277050525483008_n.jpg\" alt=\"\" class=\"wp-image-122\" srcset=\"https:\/\/paodaterrabakery.com\/wp-content\/uploads\/2025\/12\/49304784_2125026610851793_5744277050525483008_n.jpg 960w, https:\/\/paodaterrabakery.com\/wp-content\/uploads\/2025\/12\/49304784_2125026610851793_5744277050525483008_n-300x225.jpg 300w, https:\/\/paodaterrabakery.com\/wp-content\/uploads\/2025\/12\/49304784_2125026610851793_5744277050525483008_n-768x576.jpg 768w, https:\/\/paodaterrabakery.com\/wp-content\/uploads\/2025\/12\/49304784_2125026610851793_5744277050525483008_n-600x450.jpg 600w\" sizes=\"auto, (max-width: 960px) 100vw, 960px\" \/><\/figure>\n<\/figure>\n\n\n\n<p>Localizada em pleno cora\u00e7\u00e3o de <strong>Ferry Street<\/strong>, no bairro Ironbound, em Newark, a nossa padaria tornou-se um ponto de encontro da comunidade portuguesa, luso-descendente e de todos aqueles que apreciam produtos artesanais e de qualidade. Somos conhecidos pelo atendimento pr\u00f3ximo, pelo ambiente acolhedor e por mantermos vivas as receitas que atravessam gera\u00e7\u00f5es.<\/p>\n\n\n\n<p><strong>O que nos define:<\/strong><\/p>\n\n\n\n<ul class=\"wp-block-list\">\n<li><strong>Tradi\u00e7\u00e3o<\/strong><br>Honramos as ra\u00edzes das padarias portuguesas, mantendo m\u00e9todos artesanais e sabores genu\u00ednos.<\/li>\n\n\n\n<li><strong>Qualidade<\/strong><br>Selecionamos ingredientes frescos e produzimos diariamente p\u00e3o, bolos e pastelaria com rigor e dedica\u00e7\u00e3o.<\/li>\n\n\n\n<li><strong>Proximidade<\/strong><br>Acreditamos na rela\u00e7\u00e3o com os clientes. Muitos j\u00e1 fazem parte da nossa hist\u00f3ria e acompanham o nosso crescimento desde o in\u00edcio.<\/li>\n\n\n\n<li><strong>Orgulho portugu\u00eas<\/strong><br>Em 2023, fomos distinguidos com o pr\u00e9mio<br><strong>\u201cPortugal Day Newark \u2013 Business of the Year\u201d<\/strong>, um reconhecimento que reflete o nosso compromisso com a comunidade.<\/li>\n<\/ul>\n\n\n\n<figure class=\"wp-block-gallery has-nested-images columns-default is-cropped wp-block-gallery-2 is-layout-flex wp-block-gallery-is-layout-flex\">\n<figure class=\"wp-block-image size-large\"><img loading=\"lazy\" decoding=\"async\" width=\"720\" height=\"960\" data-id=\"133\" src=\"https:\/\/paodaterrabakery.com\/wp-content\/uploads\/2025\/12\/49639375_2125026664185121_6589366884544544768_n.jpg\" alt=\"\" class=\"wp-image-133\" srcset=\"https:\/\/paodaterrabakery.com\/wp-content\/uploads\/2025\/12\/49639375_2125026664185121_6589366884544544768_n.jpg 720w, https:\/\/paodaterrabakery.com\/wp-content\/uploads\/2025\/12\/49639375_2125026664185121_6589366884544544768_n-225x300.jpg 225w, https:\/\/paodaterrabakery.com\/wp-content\/uploads\/2025\/12\/49639375_2125026664185121_6589366884544544768_n-600x800.jpg 600w\" sizes=\"auto, (max-width: 720px) 100vw, 720px\" \/><\/figure>\n\n\n\n<figure class=\"wp-block-image size-large\"><img loading=\"lazy\" decoding=\"async\" width=\"960\" height=\"720\" data-id=\"127\" src=\"https:\/\/paodaterrabakery.com\/wp-content\/uploads\/2025\/12\/49603528_2125026657518455_8064424151965761536_n.jpg\" alt=\"\" class=\"wp-image-127\" srcset=\"https:\/\/paodaterrabakery.com\/wp-content\/uploads\/2025\/12\/49603528_2125026657518455_8064424151965761536_n.jpg 960w, https:\/\/paodaterrabakery.com\/wp-content\/uploads\/2025\/12\/49603528_2125026657518455_8064424151965761536_n-300x225.jpg 300w, https:\/\/paodaterrabakery.com\/wp-content\/uploads\/2025\/12\/49603528_2125026657518455_8064424151965761536_n-768x576.jpg 768w, https:\/\/paodaterrabakery.com\/wp-content\/uploads\/2025\/12\/49603528_2125026657518455_8064424151965761536_n-600x450.jpg 600w\" sizes=\"auto, (max-width: 960px) 100vw, 960px\" \/><\/figure>\n\n\n\n<figure class=\"wp-block-image size-large\"><img loading=\"lazy\" decoding=\"async\" width=\"960\" height=\"720\" data-id=\"128\" src=\"https:\/\/paodaterrabakery.com\/wp-content\/uploads\/2025\/12\/49597678_2125026710851783_4225388636826238976_n.jpg\" alt=\"\" class=\"wp-image-128\" srcset=\"https:\/\/paodaterrabakery.com\/wp-content\/uploads\/2025\/12\/49597678_2125026710851783_4225388636826238976_n.jpg 960w, https:\/\/paodaterrabakery.com\/wp-content\/uploads\/2025\/12\/49597678_2125026710851783_4225388636826238976_n-300x225.jpg 300w, https:\/\/paodaterrabakery.com\/wp-content\/uploads\/2025\/12\/49597678_2125026710851783_4225388636826238976_n-768x576.jpg 768w, https:\/\/paodaterrabakery.com\/wp-content\/uploads\/2025\/12\/49597678_2125026710851783_4225388636826238976_n-600x450.jpg 600w\" sizes=\"auto, (max-width: 960px) 100vw, 960px\" \/><\/figure>\n\n\n\n<figure class=\"wp-block-image size-large\"><img loading=\"lazy\" decoding=\"async\" width=\"960\" height=\"720\" data-id=\"135\" src=\"https:\/\/paodaterrabakery.com\/wp-content\/uploads\/2025\/12\/49708595_2125026727518448_2144638279411040256_n.jpg\" alt=\"\" class=\"wp-image-135\" srcset=\"https:\/\/paodaterrabakery.com\/wp-content\/uploads\/2025\/12\/49708595_2125026727518448_2144638279411040256_n.jpg 960w, https:\/\/paodaterrabakery.com\/wp-content\/uploads\/2025\/12\/49708595_2125026727518448_2144638279411040256_n-300x225.jpg 300w, https:\/\/paodaterrabakery.com\/wp-content\/uploads\/2025\/12\/49708595_2125026727518448_2144638279411040256_n-768x576.jpg 768w, https:\/\/paodaterrabakery.com\/wp-content\/uploads\/2025\/12\/49708595_2125026727518448_2144638279411040256_n-600x450.jpg 600w\" sizes=\"auto, (max-width: 960px) 100vw, 960px\" \/><\/figure>\n\n\n\n<figure class=\"wp-block-image size-large\"><img loading=\"lazy\" decoding=\"async\" width=\"960\" height=\"720\" data-id=\"131\" src=\"https:\/\/paodaterrabakery.com\/wp-content\/uploads\/2025\/12\/49612726_2125026760851778_982355786208378880_n.jpg\" alt=\"\" class=\"wp-image-131\" srcset=\"https:\/\/paodaterrabakery.com\/wp-content\/uploads\/2025\/12\/49612726_2125026760851778_982355786208378880_n.jpg 960w, https:\/\/paodaterrabakery.com\/wp-content\/uploads\/2025\/12\/49612726_2125026760851778_982355786208378880_n-300x225.jpg 300w, https:\/\/paodaterrabakery.com\/wp-content\/uploads\/2025\/12\/49612726_2125026760851778_982355786208378880_n-768x576.jpg 768w, https:\/\/paodaterrabakery.com\/wp-content\/uploads\/2025\/12\/49612726_2125026760851778_982355786208378880_n-600x450.jpg 600w\" sizes=\"auto, (max-width: 960px) 100vw, 960px\" \/><\/figure>\n\n\n\n<figure class=\"wp-block-image size-large\"><img loading=\"lazy\" decoding=\"async\" width=\"720\" height=\"960\" data-id=\"136\" src=\"https:\/\/paodaterrabakery.com\/wp-content\/uploads\/2025\/12\/49336136_2125026777518443_2385813874336071680_n.jpg\" alt=\"\" class=\"wp-image-136\" srcset=\"https:\/\/paodaterrabakery.com\/wp-content\/uploads\/2025\/12\/49336136_2125026777518443_2385813874336071680_n.jpg 720w, https:\/\/paodaterrabakery.com\/wp-content\/uploads\/2025\/12\/49336136_2125026777518443_2385813874336071680_n-225x300.jpg 225w, https:\/\/paodaterrabakery.com\/wp-content\/uploads\/2025\/12\/49336136_2125026777518443_2385813874336071680_n-600x800.jpg 600w\" sizes=\"auto, (max-width: 720px) 100vw, 720px\" \/><\/figure>\n\n\n\n<figure class=\"wp-block-image size-large\"><img loading=\"lazy\" decoding=\"async\" width=\"960\" height=\"720\" data-id=\"129\" src=\"https:\/\/paodaterrabakery.com\/wp-content\/uploads\/2025\/12\/49551467_2125026810851773_2840190529143046144_n.jpg\" alt=\"\" class=\"wp-image-129\" srcset=\"https:\/\/paodaterrabakery.com\/wp-content\/uploads\/2025\/12\/49551467_2125026810851773_2840190529143046144_n.jpg 960w, https:\/\/paodaterrabakery.com\/wp-content\/uploads\/2025\/12\/49551467_2125026810851773_2840190529143046144_n-300x225.jpg 300w, https:\/\/paodaterrabakery.com\/wp-content\/uploads\/2025\/12\/49551467_2125026810851773_2840190529143046144_n-768x576.jpg 768w, https:\/\/paodaterrabakery.com\/wp-content\/uploads\/2025\/12\/49551467_2125026810851773_2840190529143046144_n-600x450.jpg 600w\" sizes=\"auto, (max-width: 960px) 100vw, 960px\" \/><\/figure>\n\n\n\n<figure class=\"wp-block-image size-large\"><img loading=\"lazy\" decoding=\"async\" width=\"960\" height=\"720\" data-id=\"134\" src=\"https:\/\/paodaterrabakery.com\/wp-content\/uploads\/2025\/12\/49801154_2125026817518439_5146607208548532224_n.jpg\" alt=\"\" class=\"wp-image-134\" srcset=\"https:\/\/paodaterrabakery.com\/wp-content\/uploads\/2025\/12\/49801154_2125026817518439_5146607208548532224_n.jpg 960w, https:\/\/paodaterrabakery.com\/wp-content\/uploads\/2025\/12\/49801154_2125026817518439_5146607208548532224_n-300x225.jpg 300w, https:\/\/paodaterrabakery.com\/wp-content\/uploads\/2025\/12\/49801154_2125026817518439_5146607208548532224_n-768x576.jpg 768w, https:\/\/paodaterrabakery.com\/wp-content\/uploads\/2025\/12\/49801154_2125026817518439_5146607208548532224_n-600x450.jpg 600w\" sizes=\"auto, (max-width: 960px) 100vw, 960px\" \/><\/figure>\n\n\n\n<figure class=\"wp-block-image size-large\"><img loading=\"lazy\" decoding=\"async\" width=\"960\" height=\"720\" data-id=\"126\" src=\"https:\/\/paodaterrabakery.com\/wp-content\/uploads\/2025\/12\/49405655_2125026854185102_3094429241329057792_n.jpg\" alt=\"\" class=\"wp-image-126\" srcset=\"https:\/\/paodaterrabakery.com\/wp-content\/uploads\/2025\/12\/49405655_2125026854185102_3094429241329057792_n.jpg 960w, https:\/\/paodaterrabakery.com\/wp-content\/uploads\/2025\/12\/49405655_2125026854185102_3094429241329057792_n-300x225.jpg 300w, https:\/\/paodaterrabakery.com\/wp-content\/uploads\/2025\/12\/49405655_2125026854185102_3094429241329057792_n-768x576.jpg 768w, https:\/\/paodaterrabakery.com\/wp-content\/uploads\/2025\/12\/49405655_2125026854185102_3094429241329057792_n-600x450.jpg 600w\" sizes=\"auto, (max-width: 960px) 100vw, 960px\" \/><\/figure>\n\n\n\n<figure class=\"wp-block-image size-large\"><img loading=\"lazy\" decoding=\"async\" width=\"960\" height=\"720\" data-id=\"137\" src=\"https:\/\/paodaterrabakery.com\/wp-content\/uploads\/2025\/12\/49785972_2125026930851761_207898802495946752_n.jpg\" alt=\"\" class=\"wp-image-137\" srcset=\"https:\/\/paodaterrabakery.com\/wp-content\/uploads\/2025\/12\/49785972_2125026930851761_207898802495946752_n.jpg 960w, https:\/\/paodaterrabakery.com\/wp-content\/uploads\/2025\/12\/49785972_2125026930851761_207898802495946752_n-300x225.jpg 300w, https:\/\/paodaterrabakery.com\/wp-content\/uploads\/2025\/12\/49785972_2125026930851761_207898802495946752_n-768x576.jpg 768w, https:\/\/paodaterrabakery.com\/wp-content\/uploads\/2025\/12\/49785972_2125026930851761_207898802495946752_n-600x450.jpg 600w\" sizes=\"auto, (max-width: 960px) 100vw, 960px\" \/><\/figure>\n\n\n\n<figure class=\"wp-block-image size-large\"><img loading=\"lazy\" decoding=\"async\" width=\"960\" height=\"720\" data-id=\"130\" src=\"https:\/\/paodaterrabakery.com\/wp-content\/uploads\/2025\/12\/49898587_2125026957518425_7433872783399976960_n.jpg\" alt=\"\" class=\"wp-image-130\" srcset=\"https:\/\/paodaterrabakery.com\/wp-content\/uploads\/2025\/12\/49898587_2125026957518425_7433872783399976960_n.jpg 960w, https:\/\/paodaterrabakery.com\/wp-content\/uploads\/2025\/12\/49898587_2125026957518425_7433872783399976960_n-300x225.jpg 300w, https:\/\/paodaterrabakery.com\/wp-content\/uploads\/2025\/12\/49898587_2125026957518425_7433872783399976960_n-768x576.jpg 768w, https:\/\/paodaterrabakery.com\/wp-content\/uploads\/2025\/12\/49898587_2125026957518425_7433872783399976960_n-600x450.jpg 600w\" sizes=\"auto, (max-width: 960px) 100vw, 960px\" \/><\/figure>\n\n\n\n<figure class=\"wp-block-image size-large\"><img loading=\"lazy\" decoding=\"async\" width=\"960\" height=\"720\" data-id=\"138\" src=\"https:\/\/paodaterrabakery.com\/wp-content\/uploads\/2025\/12\/50049677_2125027017518419_2305567508536492032_n.jpg\" alt=\"\" class=\"wp-image-138\" srcset=\"https:\/\/paodaterrabakery.com\/wp-content\/uploads\/2025\/12\/50049677_2125027017518419_2305567508536492032_n.jpg 960w, https:\/\/paodaterrabakery.com\/wp-content\/uploads\/2025\/12\/50049677_2125027017518419_2305567508536492032_n-300x225.jpg 300w, https:\/\/paodaterrabakery.com\/wp-content\/uploads\/2025\/12\/50049677_2125027017518419_2305567508536492032_n-768x576.jpg 768w, https:\/\/paodaterrabakery.com\/wp-content\/uploads\/2025\/12\/50049677_2125027017518419_2305567508536492032_n-600x450.jpg 600w\" sizes=\"auto, (max-width: 960px) 100vw, 960px\" \/><\/figure>\n<\/figure>\n\n\n\n<p>O <strong>P\u00e3o da Terra<\/strong> \u00e9 mais do que uma padaria \u2014 \u00e9 um espa\u00e7o onde as pessoas se encontram, onde o caf\u00e9 sabe a conversa, e onde cada cliente \u00e9 recebido como em casa. Quer venha para um pastel de nata, um pequeno-almo\u00e7o ou uma encomenda especial, queremos que a sua experi\u00eancia connosco seja sempre verdadeira, saborosa e acolhedora.<\/p>\n\n\n\n<p><strong>Obrigado por fazer parte da nossa fam\u00edlia.<\/strong><\/p>\n","protected":false},"excerpt":{"rendered":"<p>No P\u00e3o da Terra, acreditamos que o sabor tem mem\u00f3ria. Por isso, todos os dias, trabalhamos para que cada cliente encontre aqui um peda\u00e7o de Portugal \u2014 o cheiro do&hellip;<\/p>\n","protected":false},"author":1,"featured_media":0,"parent":0,"menu_order":0,"comment_status":"closed","ping_status":"closed","template":"","meta":{"footnotes":""},"class_list":["post-119","page","type-page","status-publish","hentry"],"_links":{"self":[{"href":"https:\/\/paodaterrabakery.com\/index.php\/wp-json\/wp\/v2\/pages\/119","targetHints":{"allow":["GET"]}}],"collection":[{"href":"https:\/\/paodaterrabakery.com\/index.php\/wp-json\/wp\/v2\/pages"}],"about":[{"href":"https:\/\/paodaterrabakery.com\/index.php\/wp-json\/wp\/v2\/types\/page"}],"author":[{"embeddable":true,"href":"https:\/\/paodaterrabakery.com\/index.php\/wp-json\/wp\/v2\/users\/1"}],"replies":[{"embeddable":true,"href":"https:\/\/paodaterrabakery.com\/index.php\/wp-json\/wp\/v2\/comments?post=119"}],"version-history":[{"count":1,"href":"https:\/\/paodaterrabakery.com\/index.php\/wp-json\/wp\/v2\/pages\/119\/revisions"}],"predecessor-version":[{"id":139,"href":"https:\/\/paodaterrabakery.com\/index.php\/wp-json\/wp\/v2\/pages\/119\/revisions\/139"}],"wp:attachment":[{"href":"https:\/\/paodaterrabakery.com\/index.php\/wp-json\/wp\/v2\/media?parent=119"}],"curies":[{"name":"wp","href":"https:\/\/api.w.org\/{rel}","templated":true}]}}