{"id":68,"date":"2025-12-08T23:42:47","date_gmt":"2025-12-08T23:42:47","guid":{"rendered":"https:\/\/paodaterrabakery.com\/?page_id=68"},"modified":"2025-12-09T00:20:29","modified_gmt":"2025-12-09T00:20:29","slug":"contactos","status":"publish","type":"page","link":"https:\/\/paodaterrabakery.com\/index.php\/contactos\/","title":{"rendered":"Contactos"},"content":{"rendered":"\n<p>Estamos \u00e0 sua disposi\u00e7\u00e3o para encomendas, pedidos de informa\u00e7\u00e3o ou simplesmente para o receber com um caf\u00e9 e um sorriso. Visite-nos em Ferry Street ou fale connosco atrav\u00e9s dos contactos abaixo.<\/p>\n\n\n\n<figure class=\"wp-block-image size-full\"><img loading=\"lazy\" decoding=\"async\" width=\"980\" height=\"737\" src=\"https:\/\/paodaterrabakery.com\/wp-content\/uploads\/2025\/12\/202403181014138302.jpg\" alt=\"\" class=\"wp-image-212\" srcset=\"https:\/\/paodaterrabakery.com\/wp-content\/uploads\/2025\/12\/202403181014138302.jpg 980w, https:\/\/paodaterrabakery.com\/wp-content\/uploads\/2025\/12\/202403181014138302-300x226.jpg 300w, https:\/\/paodaterrabakery.com\/wp-content\/uploads\/2025\/12\/202403181014138302-768x578.jpg 768w, https:\/\/paodaterrabakery.com\/wp-content\/uploads\/2025\/12\/202403181014138302-600x451.jpg 600w\" sizes=\"auto, (max-width: 980px) 100vw, 980px\" \/><\/figure>\n\n\n\n<p><strong>\ud83d\udccd Morada<\/strong><br>P\u00e3o da Terra<br>135 Ferry Street<br>Newark, NJ 07105<\/p>\n\n\n\n<p><strong>\ud83d\udcde Telefone<\/strong><br>+1 862 902 8815<\/p>\n\n\n\n<p><strong>\u2709\ufe0f E-mail<\/strong><br><a>paodaterra@gmail.com<\/a><\/p>\n\n\n\n<p><\/p>\n","protected":false},"excerpt":{"rendered":"<p>Estamos \u00e0 sua disposi\u00e7\u00e3o para encomendas, pedidos de informa\u00e7\u00e3o ou simplesmente para o receber com um caf\u00e9 e um sorriso. Visite-nos em Ferry Street ou fale connosco atrav\u00e9s dos contactos&hellip;<\/p>\n","protected":false},"author":1,"featured_media":0,"parent":0,"menu_order":0,"comment_status":"closed","ping_status":"closed","template":"","meta":{"footnotes":""},"class_list":["post-68","page","type-page","status-publish","hentry"],"_links":{"self":[{"href":"https:\/\/paodaterrabakery.com\/index.php\/wp-json\/wp\/v2\/pages\/68","targetHints":{"allow":["GET"]}}],"collection":[{"href":"https:\/\/paodaterrabakery.com\/index.php\/wp-json\/wp\/v2\/pages"}],"about":[{"href":"https:\/\/paodaterrabakery.com\/index.php\/wp-json\/wp\/v2\/types\/page"}],"author":[{"embeddable":true,"href":"https:\/\/paodaterrabakery.com\/index.php\/wp-json\/wp\/v2\/users\/1"}],"replies":[{"embeddable":true,"href":"https:\/\/paodaterrabakery.com\/index.php\/wp-json\/wp\/v2\/comments?post=68"}],"version-history":[{"count":4,"href":"https:\/\/paodaterrabakery.com\/index.php\/wp-json\/wp\/v2\/pages\/68\/revisions"}],"predecessor-version":[{"id":213,"href":"https:\/\/paodaterrabakery.com\/index.php\/wp-json\/wp\/v2\/pages\/68\/revisions\/213"}],"wp:attachment":[{"href":"https:\/\/paodaterrabakery.com\/index.php\/wp-json\/wp\/v2\/media?parent=68"}],"curies":[{"name":"wp","href":"https:\/\/api.w.org\/{rel}","templated":true}]}}